{"id":599,"date":"2024-12-05T10:37:56","date_gmt":"2024-12-05T09:37:56","guid":{"rendered":"https:\/\/pcm-pro.fr\/estudo-de-projeto\/"},"modified":"2025-01-15T21:38:53","modified_gmt":"2025-01-15T20:38:53","slug":"criar-uma-cozinha-num-navio","status":"publish","type":"page","link":"https:\/\/pcm-pro.fr\/pt-pt\/criar-uma-cozinha-num-navio\/","title":{"rendered":"Estudo de projeto"},"content":{"rendered":"<p>[et_pb_section fb_built=&#8221;1&#8243; _builder_version=&#8221;4.25.1&#8243; _module_preset=&#8221;default&#8221; background_enable_color=&#8221;off&#8221; use_background_color_gradient=&#8221;on&#8221; background_color_gradient_direction=&#8221;149deg&#8221; background_color_gradient_stops=&#8221;#173054 10%|#ffffff 100%&#8221; background_enable_image=&#8221;off&#8221; background_size=&#8221;contain&#8221; background_position=&#8221;center_right&#8221; custom_margin=&#8221;|||-29px|false|false&#8221; custom_padding=&#8221;0px||0px|||&#8221; border_width_left=&#8221;50px&#8221; border_color_left=&#8221;#3A868F&#8221; box_shadow_style=&#8221;preset7&#8243; box_shadow_horizontal=&#8221;5px&#8221; box_shadow_vertical=&#8221;0px&#8221; box_shadow_color=&#8221;#FFFFFF&#8221; global_colors_info=&#8221;{}&#8221;][et_pb_row _builder_version=&#8221;4.25.1&#8243; _module_preset=&#8221;default&#8221; custom_padding=&#8221;25px||0px||false|false&#8221; global_colors_info=&#8221;{}&#8221;][et_pb_column type=&#8221;4_4&#8243; _builder_version=&#8221;4.25.1&#8243; _module_preset=&#8221;default&#8221; pac_dcm_carousel_specific_module_num=&#8221;0&#8243; global_colors_info=&#8221;{}&#8221;][et_pb_text _builder_version=&#8221;4.25.1&#8243; _module_preset=&#8221;default&#8221; text_font=&#8221;|600|||||||&#8221; text_text_color=&#8221;#FFFFFF&#8221; header_font=&#8221;|||on|||||&#8221; header_text_color=&#8221;#FFFFFF&#8221; header_font_size=&#8221;20px&#8221; header_letter_spacing=&#8221;1px&#8221; max_width=&#8221;500px&#8221; custom_margin=&#8221;||13px|||&#8221; global_colors_info=&#8221;{}&#8221;]<\/p>\n<h1>Estudo de projeto<\/h1>\n<p>[\/et_pb_text][\/et_pb_column][\/et_pb_row][\/et_pb_section][et_pb_section fb_built=&#8221;1&#8243; _builder_version=&#8221;4.25.1&#8243; _module_preset=&#8221;default&#8221; global_colors_info=&#8221;{}&#8221;][et_pb_row column_structure=&#8221;1_2,1_2&#8243; make_equal=&#8221;on&#8221; module_class=&#8221;custom_row&#8221; _builder_version=&#8221;4.25.1&#8243; _module_preset=&#8221;default&#8221; width_tablet=&#8221;&#8221; width_phone=&#8221;90%&#8221; width_last_edited=&#8221;on|phone&#8221; global_colors_info=&#8221;{}&#8221;][et_pb_column type=&#8221;1_2&#8243; module_class=&#8221;second-on-mobile&#8221; _builder_version=&#8221;4.25.1&#8243; _module_preset=&#8221;default&#8221; custom_css_main_element=&#8221;margin:auto;&#8221; pac_dcm_carousel_specific_module_num=&#8221;0&#8243; global_colors_info=&#8221;{}&#8221;][et_pb_image src=&#8221;https:\/\/pcm-pro.fr\/wp-content\/uploads\/2024\/12\/plan-autocad-cuisine-bateau.jpg&#8221; alt=&#8221;plano autocad cria\u00e7\u00e3o cozinha bateau&#8221; _builder_version=&#8221;4.25.1&#8243; _module_preset=&#8221;default&#8221; global_colors_info=&#8221;{}&#8221;][\/et_pb_image][\/et_pb_column][et_pb_column type=&#8221;1_2&#8243; module_class=&#8221;first-on-mobile&#8221; _builder_version=&#8221;4.25.1&#8243; _module_preset=&#8221;default&#8221; custom_padding_tablet=&#8221;||46px||false|false&#8221; custom_padding_phone=&#8221;|||0px|false|false&#8221; custom_padding_last_edited=&#8221;on|phone&#8221; custom_css_main_element=&#8221;margin:auto;&#8221; pac_dcm_carousel_specific_module_num=&#8221;0&#8243; global_colors_info=&#8221;{}&#8221;][et_pb_text admin_label=&#8221;Text&#8221; _builder_version=&#8221;4.25.1&#8243; header_2_font=&#8221;|700|||||||&#8221; header_2_text_align=&#8221;left&#8221; header_2_line_height=&#8221;1.2em&#8221; background_size=&#8221;initial&#8221; background_position=&#8221;top_left&#8221; background_repeat=&#8221;repeat&#8221; max_width=&#8221;431px&#8221; custom_margin=&#8221;||25px|||&#8221; locked=&#8221;off&#8221; global_colors_info=&#8221;{}&#8221;]<\/p>\n<p><h2>Estudaremos o teu projeto para criar uma cozinha a bordo de um navio<\/h2>\n<\/p>\n<p>[\/et_pb_text][et_pb_text _builder_version=&#8221;4.25.1&#8243; _module_preset=&#8221;default&#8221; max_width=&#8221;500px&#8221; locked=&#8221;off&#8221; global_colors_info=&#8221;{}&#8221;]<\/p>\n<p>A PCM oferece-te a sua experi\u00eancia na renova\u00e7\u00e3o e <strong>cria\u00e7\u00e3o de cozinhas profissionais a bordo de navios militares, mercantes, de recreio e contentores mar\u00edtimos.<\/strong><\/p>\n<p>Estamos empenhados em estabelecer uma rela\u00e7\u00e3o estreita com cada um dos nossos clientes, dedicando tempo a compreender em profundidade <strong>as suas quest\u00f5es e necessidades espec\u00edficas<\/strong>.<\/p>\n<p>Desde o in\u00edcio, trabalhamos em conjunto para definir claramente as suas expectativas e objectivos. Para responder a estas necessidades, elaboramos <strong>planos pormenorizados utilizando softwares especializados<\/strong> como o AUTOCAD, garantindo precis\u00e3o e efic\u00e1cia. <\/p>\n<p>[\/et_pb_text][\/et_pb_column][\/et_pb_row][et_pb_row column_structure=&#8221;1_2,1_2&#8243; use_custom_gutter=&#8221;on&#8221; gutter_width=&#8221;2&#8243; make_equal=&#8221;on&#8221; _builder_version=&#8221;4.25.1&#8243; _module_preset=&#8221;default&#8221; width_tablet=&#8221;&#8221; width_phone=&#8221;90%&#8221; width_last_edited=&#8221;on|phone&#8221; global_colors_info=&#8221;{}&#8221;][et_pb_column type=&#8221;1_2&#8243; _builder_version=&#8221;4.25.1&#8243; _module_preset=&#8221;default&#8221; custom_padding=&#8221;||||false|false&#8221; custom_padding_tablet=&#8221;||42px||false|false&#8221; custom_padding_phone=&#8221;|||0px|false|false&#8221; custom_padding_last_edited=&#8221;on|phone&#8221; custom_css_main_element=&#8221;margin:auto;&#8221; pac_dcm_carousel_specific_module_num=&#8221;0&#8243; global_colors_info=&#8221;{}&#8221;][et_pb_text admin_label=&#8221;Text&#8221; _builder_version=&#8221;4.25.1&#8243; header_2_font=&#8221;|700|||||||&#8221; header_2_text_align=&#8221;left&#8221; header_2_line_height=&#8221;1.2em&#8221; background_size=&#8221;initial&#8221; background_position=&#8221;top_left&#8221; background_repeat=&#8221;repeat&#8221; max_width=&#8221;451px&#8221; custom_margin=&#8221;||25px|||&#8221; locked=&#8221;off&#8221; global_colors_info=&#8221;{}&#8221;]<\/p>\n<p><h2>Modelamos os teus projectos em 3D<\/h2>\n<\/p>\n<p>[\/et_pb_text][et_pb_text _builder_version=&#8221;4.25.1&#8243; _module_preset=&#8221;default&#8221; max_width=&#8221;500px&#8221; locked=&#8221;off&#8221; global_colors_info=&#8221;{}&#8221;]<\/p>\n<p>Para facilitar a visualiza\u00e7\u00e3o global dos estudos e melhorar a compreens\u00e3o dos projectos, oferecemos tamb\u00e9m a <strong>modela\u00e7\u00e3o 3D<\/strong> como ajuda visual.<\/p>\n<p>Ao longo de todo o processo, temos o cuidado de manter uma qualidade de interc\u00e2mbio impec\u00e1vel com os nossos diferentes contactos, colocando <strong>a comunica\u00e7\u00e3o no centro da nossa abordagem.<\/strong><\/p>\n<p>[\/et_pb_text][\/et_pb_column][et_pb_column type=&#8221;1_2&#8243; _builder_version=&#8221;4.25.1&#8243; _module_preset=&#8221;default&#8221; custom_css_main_element=&#8221;margin:auto;&#8221; pac_dcm_carousel_specific_module_num=&#8221;0&#8243; global_colors_info=&#8221;{}&#8221;][et_pb_gallery gallery_ids=&#8221;218,219,220,221&#8243; zoom_icon_color=&#8221;RGBA(255,255,255,0)&#8221; hover_overlay_color=&#8221;rgba(23,48,84,0.38)&#8221; _builder_version=&#8221;4.25.1&#8243; _module_preset=&#8221;default&#8221; global_colors_info=&#8221;{}&#8221;][\/et_pb_gallery][\/et_pb_column][\/et_pb_row][\/et_pb_section][et_pb_section fb_built=&#8221;1&#8243; _builder_version=&#8221;4.25.1&#8243; _module_preset=&#8221;default&#8221; background_color=&#8221;#E9F2F3&#8243; locked=&#8221;off&#8221; global_colors_info=&#8221;{}&#8221;][et_pb_row _builder_version=&#8221;4.25.1&#8243; _module_preset=&#8221;default&#8221; width_tablet=&#8221;&#8221; width_phone=&#8221;90%&#8221; width_last_edited=&#8221;on|phone&#8221; global_colors_info=&#8221;{}&#8221;][et_pb_column type=&#8221;4_4&#8243; _builder_version=&#8221;4.25.1&#8243; _module_preset=&#8221;default&#8221; pac_dcm_carousel_specific_module_num=&#8221;0&#8243; global_colors_info=&#8221;{}&#8221;][et_pb_cta title=&#8221;Confia na PCM para os teus projectos de design de cozinhas navais&#8221; button_url=&#8221;https:\/\/pcm-pro.fr\/pt-pt\/contacto\/&#8221; button_text=&#8221;Contacta-nos&#8221; _builder_version=&#8221;4.27.4&#8243; _module_preset=&#8221;default&#8221; header_font=&#8221;|600|||||||&#8221; header_line_height=&#8221;1.2em&#8221; body_font=&#8221;|600|||||||&#8221; background_color=&#8221;RGBA(255,255,255,0)&#8221; background_layout=&#8221;light&#8221; max_width=&#8221;1070px&#8221; module_alignment=&#8221;center&#8221; header_font_size_tablet=&#8221;&#8221; header_font_size_phone=&#8221;21px&#8221; header_font_size_last_edited=&#8221;on|phone&#8221; global_colors_info=&#8221;{}&#8221;]<\/p>\n<p>Tem um projeto de instala\u00e7\u00e3o de uma cozinha totalmente em a\u00e7o inoxid\u00e1vel num navio militar, mercante ou de recreio, ou num contentor mar\u00edtimo? Os nossos conhecimentos e a nossa experi\u00eancia permitem-nos responder \u00e0s exig\u00eancias mais espec\u00edficas.<\/p>\n<p>[\/et_pb_cta][\/et_pb_column][\/et_pb_row][\/et_pb_section]<\/p>\n","protected":false},"excerpt":{"rendered":"<p>Estudo de projeto Estudaremos o teu projeto para criar uma cozinha a bordo de um navio A PCM oferece-te a sua experi\u00eancia na renova\u00e7\u00e3o e cria\u00e7\u00e3o de cozinhas profissionais a bordo de navios militares, mercantes, de recreio e contentores mar\u00edtimos. Estamos empenhados em estabelecer uma rela\u00e7\u00e3o estreita com cada um dos nossos clientes, dedicando tempo [&hellip;]<\/p>\n","protected":false},"author":1,"featured_media":0,"parent":0,"menu_order":0,"comment_status":"closed","ping_status":"closed","template":"","meta":{"_et_pb_use_builder":"on","_et_pb_old_content":"","_et_gb_content_width":"","footnotes":""},"class_list":["post-599","page","type-page","status-publish","hentry"],"yoast_head":"<!-- This site is optimized with the Yoast SEO plugin v26.7 - https:\/\/yoast.com\/wordpress\/plugins\/seo\/ -->\n<title>Criar uma cozinha num navio - Estudo de projeto | PCM-PRO<\/title>\n<meta name=\"description\" content=\"A PCM oferece-te a sua experi\u00eancia na cria\u00e7\u00e3o de gal\u00e9s a bordo de navios militares, mercantes e de recreio.\" \/>\n<meta name=\"robots\" content=\"index, follow, max-snippet:-1, max-image-preview:large, max-video-preview:-1\" \/>\n<link rel=\"canonical\" href=\"https:\/\/pcm-pro.fr\/pt-pt\/criar-uma-cozinha-num-navio\/\" \/>\n<meta property=\"og:locale\" content=\"pt_PT\" \/>\n<meta property=\"og:type\" content=\"article\" \/>\n<meta property=\"og:title\" content=\"Criar uma cozinha num navio - Estudo de projeto | PCM-PRO\" \/>\n<meta property=\"og:description\" content=\"A PCM oferece-te a sua experi\u00eancia na cria\u00e7\u00e3o de gal\u00e9s a bordo de navios militares, mercantes e de recreio.\" \/>\n<meta property=\"og:url\" content=\"https:\/\/pcm-pro.fr\/pt-pt\/criar-uma-cozinha-num-navio\/\" \/>\n<meta property=\"og:site_name\" content=\"PCM PRO\" \/>\n<meta property=\"article:modified_time\" content=\"2025-01-15T20:38:53+00:00\" \/>\n<meta name=\"twitter:card\" content=\"summary_large_image\" \/>\n<meta name=\"twitter:label1\" content=\"Tempo estimado de leitura\" \/>\n\t<meta name=\"twitter:data1\" content=\"3 minutos\" \/>\n<script type=\"application\/ld+json\" class=\"yoast-schema-graph\">{\"@context\":\"https:\/\/schema.org\",\"@graph\":[{\"@type\":\"WebPage\",\"@id\":\"https:\/\/pcm-pro.fr\/pt-pt\/criar-uma-cozinha-num-navio\/\",\"url\":\"https:\/\/pcm-pro.fr\/pt-pt\/criar-uma-cozinha-num-navio\/\",\"name\":\"Criar uma cozinha num navio - Estudo de projeto | PCM-PRO\",\"isPartOf\":{\"@id\":\"https:\/\/pcm-pro.fr\/pt-pt\/#website\"},\"datePublished\":\"2024-12-05T09:37:56+00:00\",\"dateModified\":\"2025-01-15T20:38:53+00:00\",\"description\":\"A PCM oferece-te a sua experi\u00eancia na cria\u00e7\u00e3o de gal\u00e9s a bordo de navios militares, mercantes e de recreio.\",\"breadcrumb\":{\"@id\":\"https:\/\/pcm-pro.fr\/pt-pt\/criar-uma-cozinha-num-navio\/#breadcrumb\"},\"inLanguage\":\"pt-PT\",\"potentialAction\":[{\"@type\":\"ReadAction\",\"target\":[\"https:\/\/pcm-pro.fr\/pt-pt\/criar-uma-cozinha-num-navio\/\"]}]},{\"@type\":\"BreadcrumbList\",\"@id\":\"https:\/\/pcm-pro.fr\/pt-pt\/criar-uma-cozinha-num-navio\/#breadcrumb\",\"itemListElement\":[{\"@type\":\"ListItem\",\"position\":1,\"name\":\"Accueil\",\"item\":\"https:\/\/pcm-pro.fr\/pt-pt\/\"},{\"@type\":\"ListItem\",\"position\":2,\"name\":\"Estudo de projeto\"}]},{\"@type\":\"WebSite\",\"@id\":\"https:\/\/pcm-pro.fr\/pt-pt\/#website\",\"url\":\"https:\/\/pcm-pro.fr\/pt-pt\/\",\"name\":\"PCM PRO\",\"description\":\"Cr\u00e9ation de cuisines sur mesure dans le domaine maritime\",\"potentialAction\":[{\"@type\":\"SearchAction\",\"target\":{\"@type\":\"EntryPoint\",\"urlTemplate\":\"https:\/\/pcm-pro.fr\/pt-pt\/?s={search_term_string}\"},\"query-input\":{\"@type\":\"PropertyValueSpecification\",\"valueRequired\":true,\"valueName\":\"search_term_string\"}}],\"inLanguage\":\"pt-PT\"}]}<\/script>\n<!-- \/ Yoast SEO plugin. -->","yoast_head_json":{"title":"Criar uma cozinha num navio - Estudo de projeto | PCM-PRO","description":"A PCM oferece-te a sua experi\u00eancia na cria\u00e7\u00e3o de gal\u00e9s a bordo de navios militares, mercantes e de recreio.","robots":{"index":"index","follow":"follow","max-snippet":"max-snippet:-1","max-image-preview":"max-image-preview:large","max-video-preview":"max-video-preview:-1"},"canonical":"https:\/\/pcm-pro.fr\/pt-pt\/criar-uma-cozinha-num-navio\/","og_locale":"pt_PT","og_type":"article","og_title":"Criar uma cozinha num navio - Estudo de projeto | PCM-PRO","og_description":"A PCM oferece-te a sua experi\u00eancia na cria\u00e7\u00e3o de gal\u00e9s a bordo de navios militares, mercantes e de recreio.","og_url":"https:\/\/pcm-pro.fr\/pt-pt\/criar-uma-cozinha-num-navio\/","og_site_name":"PCM PRO","article_modified_time":"2025-01-15T20:38:53+00:00","twitter_card":"summary_large_image","twitter_misc":{"Tempo estimado de leitura":"3 minutos"},"schema":{"@context":"https:\/\/schema.org","@graph":[{"@type":"WebPage","@id":"https:\/\/pcm-pro.fr\/pt-pt\/criar-uma-cozinha-num-navio\/","url":"https:\/\/pcm-pro.fr\/pt-pt\/criar-uma-cozinha-num-navio\/","name":"Criar uma cozinha num navio - Estudo de projeto | PCM-PRO","isPartOf":{"@id":"https:\/\/pcm-pro.fr\/pt-pt\/#website"},"datePublished":"2024-12-05T09:37:56+00:00","dateModified":"2025-01-15T20:38:53+00:00","description":"A PCM oferece-te a sua experi\u00eancia na cria\u00e7\u00e3o de gal\u00e9s a bordo de navios militares, mercantes e de recreio.","breadcrumb":{"@id":"https:\/\/pcm-pro.fr\/pt-pt\/criar-uma-cozinha-num-navio\/#breadcrumb"},"inLanguage":"pt-PT","potentialAction":[{"@type":"ReadAction","target":["https:\/\/pcm-pro.fr\/pt-pt\/criar-uma-cozinha-num-navio\/"]}]},{"@type":"BreadcrumbList","@id":"https:\/\/pcm-pro.fr\/pt-pt\/criar-uma-cozinha-num-navio\/#breadcrumb","itemListElement":[{"@type":"ListItem","position":1,"name":"Accueil","item":"https:\/\/pcm-pro.fr\/pt-pt\/"},{"@type":"ListItem","position":2,"name":"Estudo de projeto"}]},{"@type":"WebSite","@id":"https:\/\/pcm-pro.fr\/pt-pt\/#website","url":"https:\/\/pcm-pro.fr\/pt-pt\/","name":"PCM PRO","description":"Cr\u00e9ation de cuisines sur mesure dans le domaine maritime","potentialAction":[{"@type":"SearchAction","target":{"@type":"EntryPoint","urlTemplate":"https:\/\/pcm-pro.fr\/pt-pt\/?s={search_term_string}"},"query-input":{"@type":"PropertyValueSpecification","valueRequired":true,"valueName":"search_term_string"}}],"inLanguage":"pt-PT"}]}},"_links":{"self":[{"href":"https:\/\/pcm-pro.fr\/pt-pt\/wp-json\/wp\/v2\/pages\/599","targetHints":{"allow":["GET"]}}],"collection":[{"href":"https:\/\/pcm-pro.fr\/pt-pt\/wp-json\/wp\/v2\/pages"}],"about":[{"href":"https:\/\/pcm-pro.fr\/pt-pt\/wp-json\/wp\/v2\/types\/page"}],"author":[{"embeddable":true,"href":"https:\/\/pcm-pro.fr\/pt-pt\/wp-json\/wp\/v2\/users\/1"}],"replies":[{"embeddable":true,"href":"https:\/\/pcm-pro.fr\/pt-pt\/wp-json\/wp\/v2\/comments?post=599"}],"version-history":[{"count":5,"href":"https:\/\/pcm-pro.fr\/pt-pt\/wp-json\/wp\/v2\/pages\/599\/revisions"}],"predecessor-version":[{"id":828,"href":"https:\/\/pcm-pro.fr\/pt-pt\/wp-json\/wp\/v2\/pages\/599\/revisions\/828"}],"wp:attachment":[{"href":"https:\/\/pcm-pro.fr\/pt-pt\/wp-json\/wp\/v2\/media?parent=599"}],"curies":[{"name":"wp","href":"https:\/\/api.w.org\/{rel}","templated":true}]}}