{"id":594,"date":"2024-12-05T10:40:02","date_gmt":"2024-12-05T09:40:02","guid":{"rendered":"https:\/\/pcm-pro.fr\/cozinhas-em-contentores\/"},"modified":"2025-01-15T21:33:03","modified_gmt":"2025-01-15T20:33:03","slug":"criacao-de-cozinhas-em-contentores-maritimos","status":"publish","type":"page","link":"https:\/\/pcm-pro.fr\/pt-pt\/criacao-de-cozinhas-em-contentores-maritimos\/","title":{"rendered":"Cozinhas em contentores"},"content":{"rendered":"<p>[et_pb_section fb_built=&#8221;1&#8243; _builder_version=&#8221;4.25.1&#8243; _module_preset=&#8221;default&#8221; background_enable_color=&#8221;off&#8221; use_background_color_gradient=&#8221;on&#8221; background_color_gradient_direction=&#8221;149deg&#8221; background_color_gradient_stops=&#8221;#173054 10%|#ffffff 100%&#8221; background_enable_image=&#8221;off&#8221; background_size=&#8221;contain&#8221; background_position=&#8221;center_right&#8221; custom_margin=&#8221;|||-29px|false|false&#8221; custom_padding=&#8221;0px||0px|||&#8221; border_width_left=&#8221;50px&#8221; border_color_left=&#8221;#3A868F&#8221; box_shadow_style=&#8221;preset7&#8243; box_shadow_horizontal=&#8221;5px&#8221; box_shadow_vertical=&#8221;0px&#8221; box_shadow_color=&#8221;#FFFFFF&#8221; global_colors_info=&#8221;{}&#8221;][et_pb_row _builder_version=&#8221;4.25.1&#8243; _module_preset=&#8221;default&#8221; custom_padding=&#8221;25px||0px||false|false&#8221; global_colors_info=&#8221;{}&#8221;][et_pb_column type=&#8221;4_4&#8243; _builder_version=&#8221;4.25.1&#8243; _module_preset=&#8221;default&#8221; pac_dcm_carousel_specific_module_num=&#8221;0&#8243; global_colors_info=&#8221;{}&#8221;][et_pb_text _builder_version=&#8221;4.25.1&#8243; _module_preset=&#8221;default&#8221; text_font=&#8221;|600|||||||&#8221; text_text_color=&#8221;#FFFFFF&#8221; header_font=&#8221;|||on|||||&#8221; header_text_color=&#8221;#FFFFFF&#8221; header_font_size=&#8221;20px&#8221; header_letter_spacing=&#8221;1px&#8221; header_line_height=&#8221;1.2em&#8221; max_width=&#8221;297px&#8221; custom_margin=&#8221;||13px|||&#8221; global_colors_info=&#8221;{}&#8221;]<\/p>\n<h1>Conce\u00e7\u00e3o de cozinhas em contentores<\/h1>\n<p>[\/et_pb_text][\/et_pb_column][\/et_pb_row][\/et_pb_section][et_pb_section fb_built=&#8221;1&#8243; _builder_version=&#8221;4.25.1&#8243; _module_preset=&#8221;default&#8221; global_colors_info=&#8221;{}&#8221;][et_pb_row column_structure=&#8221;1_2,1_2&#8243; make_equal=&#8221;on&#8221; _builder_version=&#8221;4.25.1&#8243; _module_preset=&#8221;default&#8221; width_tablet=&#8221;&#8221; width_phone=&#8221;90%&#8221; width_last_edited=&#8221;on|phone&#8221; custom_padding=&#8221;0px||0px||true|false&#8221; border_width_left=&#8221;30px&#8221; border_color_left=&#8221;#3A868F&#8221; border_width_left_tablet=&#8221;0px&#8221; border_width_left_phone=&#8221;0px&#8221; border_width_left_last_edited=&#8221;on|tablet&#8221; global_colors_info=&#8221;{}&#8221;][et_pb_column type=&#8221;1_2&#8243; _builder_version=&#8221;4.25.1&#8243; _module_preset=&#8221;default&#8221; pac_dcm_carousel_specific_module_num=&#8221;0&#8243; global_colors_info=&#8221;{}&#8221;][et_pb_gallery gallery_ids=&#8221;319,323,322,304&#8243; fullwidth=&#8221;on&#8221; _builder_version=&#8221;4.27.4&#8243; _module_preset=&#8221;default&#8221; background_layout=&#8221;dark&#8221; auto=&#8221;on&#8221; auto_speed=&#8221;3000&#8243; border_color_all=&#8221;#FFFFFF&#8221; border_width_left=&#8221;7px&#8221; border_width_left_tablet=&#8221;0px&#8221; border_width_left_phone=&#8221;0px&#8221; border_width_left_last_edited=&#8221;on|tablet&#8221; locked=&#8221;off&#8221; global_colors_info=&#8221;{}&#8221;][\/et_pb_gallery][\/et_pb_column][et_pb_column type=&#8221;1_2&#8243; _builder_version=&#8221;4.25.1&#8243; _module_preset=&#8221;default&#8221; custom_css_main_element=&#8221;margin:auto;&#8221; pac_dcm_carousel_specific_module_num=&#8221;0&#8243; global_colors_info=&#8221;{}&#8221;][et_pb_text admin_label=&#8221;Text&#8221; _builder_version=&#8221;4.27.4&#8243; header_2_font=&#8221;|700|||||||&#8221; header_2_text_align=&#8221;left&#8221; header_2_line_height=&#8221;1.2em&#8221; background_size=&#8221;initial&#8221; background_position=&#8221;top_left&#8221; background_repeat=&#8221;repeat&#8221; max_width=&#8221;431px&#8221; custom_margin=&#8221;||25px|||&#8221; locked=&#8221;off&#8221; global_colors_info=&#8221;{}&#8221;]<\/p>\n<h2>Cria\u00e7\u00e3o de cozinhas \u00e0 medida em contentores mar\u00edtimos<\/h2>\n<p>[\/et_pb_text][et_pb_text _builder_version=&#8221;4.27.4&#8243; _module_preset=&#8221;default&#8221; link_font=&#8221;||||on||||&#8221; max_width=&#8221;488px&#8221; locked=&#8221;off&#8221; global_colors_info=&#8221;{}&#8221;]<\/p>\n<p>Em 2024, a PCM desenvolveu a sua primeira solu\u00e7\u00e3o inovadora para <strong>cozinhas integradas num contentor mar\u00edtimo<\/strong>.<\/p>\n<p>Concebido para responder \u00e0s necessidades dos ambientes mais exigentes, este espa\u00e7o de cerca de 28m2 inclui <strong>uma cozinha em a\u00e7o inoxid\u00e1vel completa<\/strong> com equipamento profissional, <strong>uma sala t\u00e9cnica optimizada<\/strong>, bem como<strong>um revestimento completo de paredes e pavimentos<\/strong> inteiramente em a\u00e7o inoxid\u00e1vel.  <\/p>\n<p>[\/et_pb_text][\/et_pb_column][\/et_pb_row][\/et_pb_section][et_pb_section fb_built=&#8221;1&#8243; _builder_version=&#8221;4.25.1&#8243; _module_preset=&#8221;default&#8221; global_colors_info=&#8221;{}&#8221;][et_pb_row column_structure=&#8221;1_2,1_2&#8243; use_custom_gutter=&#8221;on&#8221; gutter_width=&#8221;2&#8243; make_equal=&#8221;on&#8221; _builder_version=&#8221;4.25.1&#8243; _module_preset=&#8221;default&#8221; width_tablet=&#8221;&#8221; width_phone=&#8221;90%&#8221; width_last_edited=&#8221;on|phone&#8221; locked=&#8221;off&#8221; global_colors_info=&#8221;{}&#8221;][et_pb_column type=&#8221;1_2&#8243; _builder_version=&#8221;4.25.1&#8243; _module_preset=&#8221;default&#8221; custom_padding=&#8221;||||false|false&#8221; custom_padding_tablet=&#8221;||42px||false|false&#8221; custom_padding_phone=&#8221;|||0px|false|false&#8221; custom_padding_last_edited=&#8221;on|phone&#8221; custom_css_main_element=&#8221;margin:auto;&#8221; pac_dcm_carousel_specific_module_num=&#8221;0&#8243; global_colors_info=&#8221;{}&#8221;][et_pb_text admin_label=&#8221;Text&#8221; _builder_version=&#8221;4.25.1&#8243; text_text_color=&#8221;#3A868F&#8221; header_2_font=&#8221;|700|||||||&#8221; header_2_text_align=&#8221;left&#8221; header_2_line_height=&#8221;1.2em&#8221; background_size=&#8221;initial&#8221; background_position=&#8221;top_left&#8221; background_repeat=&#8221;repeat&#8221; max_width=&#8221;451px&#8221; custom_margin=&#8221;||25px|||&#8221; locked=&#8221;off&#8221; global_colors_info=&#8221;{}&#8221;]<\/p>\n<h2>Uma solu\u00e7\u00e3o adapt\u00e1vel a uma vasta gama de necessidades<\/h2>\n<p>[\/et_pb_text][et_pb_text _builder_version=&#8221;4.25.1&#8243; _module_preset=&#8221;default&#8221; header_3_font=&#8221;|700|||||||&#8221; header_3_font_size=&#8221;17px&#8221; max_width=&#8221;500px&#8221; locked=&#8221;off&#8221; global_colors_info=&#8221;{}&#8221;]<\/p>\n<p>A cria\u00e7\u00e3o de cozinhas em contentores oferece uma solu\u00e7\u00e3o flex\u00edvel, duradoura e de elevado desempenho que pode ser adaptada a uma grande variedade de utiliza\u00e7\u00f5es: <strong>estaleiros navais, bases offshore, projectos tempor\u00e1rios ou instala\u00e7\u00f5es que necessitem de \u00e1reas de cozinha rapidamente operacionais<\/strong>.<\/p>\n<p>Concebidos para uma utiliza\u00e7\u00e3o f\u00e1cil e para resistir aos constrangimentos de ambientes exigentes, estes contentores incorporam <strong>equipamento profissional de alta qualidade<\/strong>.<\/p>\n<p>Gra\u00e7as \u00e0 experi\u00eancia da PCM, cada contentor \u00e9 concebido at\u00e9 ao \u00faltimo pormenor para garantir <strong>uma funcionalidade \u00f3ptima, uma resist\u00eancia s\u00f3lida e o cumprimento rigoroso das normas<\/strong> de sa\u00fade e seguran\u00e7a em vigor.<\/p>\n<p>[\/et_pb_text][\/et_pb_column][et_pb_column type=&#8221;1_2&#8243; _builder_version=&#8221;4.25.1&#8243; _module_preset=&#8221;default&#8221; custom_css_main_element=&#8221;margin:auto;&#8221; pac_dcm_carousel_specific_module_num=&#8221;0&#8243; global_colors_info=&#8221;{}&#8221;][et_pb_gallery gallery_ids=&#8221;305,306,307,308&#8243; zoom_icon_color=&#8221;RGBA(255,255,255,0)&#8221; hover_overlay_color=&#8221;rgba(23,48,84,0.38)&#8221; _builder_version=&#8221;4.25.1&#8243; _module_preset=&#8221;default&#8221; global_colors_info=&#8221;{}&#8221;][\/et_pb_gallery][\/et_pb_column][\/et_pb_row][\/et_pb_section][et_pb_section fb_built=&#8221;1&#8243; disabled_on=&#8221;off|off|off&#8221; _builder_version=&#8221;4.25.1&#8243; _module_preset=&#8221;default&#8221; background_color=&#8221;rgba(23,48,84,0.05)&#8221; global_colors_info=&#8221;{}&#8221;][et_pb_row _builder_version=&#8221;4.25.1&#8243; _module_preset=&#8221;default&#8221; width_tablet=&#8221;&#8221; width_phone=&#8221;90%&#8221; width_last_edited=&#8221;on|phone&#8221; global_colors_info=&#8221;{}&#8221;][et_pb_column type=&#8221;4_4&#8243; _builder_version=&#8221;4.25.1&#8243; _module_preset=&#8221;default&#8221; pac_dcm_carousel_specific_module_num=&#8221;0&#8243; global_colors_info=&#8221;{}&#8221;][et_pb_cta title=&#8221;A tua cozinha profissional \u00e0 medida num contentor mar\u00edtimo&#8221; button_url=&#8221;https:\/\/pcm-pro.fr\/pt-pt\/contacto\/&#8221; button_text=&#8221;Contacta-nos&#8221; _builder_version=&#8221;4.27.4&#8243; _module_preset=&#8221;default&#8221; header_font=&#8221;|600|||||||&#8221; header_line_height=&#8221;1.2em&#8221; body_font=&#8221;|600|||||||&#8221; background_color=&#8221;RGBA(255,255,255,0)&#8221; background_layout=&#8221;light&#8221; max_width=&#8221;950px&#8221; module_alignment=&#8221;center&#8221; hover_enabled=&#8221;0&#8243; header_font_size_tablet=&#8221;&#8221; header_font_size_phone=&#8221;21px&#8221; header_font_size_last_edited=&#8221;on|phone&#8221; global_colors_info=&#8221;{}&#8221; sticky_enabled=&#8221;0&#8243;]<\/p>\n<p>Tens um projeto para uma cozinha ou c\u00e2mara frigor\u00edfica num contentor mar\u00edtimo? Confia na nossa experi\u00eancia para uma solu\u00e7\u00e3o chave-na-m\u00e3o que \u00e9 flex\u00edvel e adaptada \u00e0s tuas necessidades.<\/p>\n<p>[\/et_pb_cta][\/et_pb_column][\/et_pb_row][\/et_pb_section]<\/p>\n","protected":false},"excerpt":{"rendered":"<p>Conce\u00e7\u00e3o de cozinhas em contentoresCria\u00e7\u00e3o de cozinhas \u00e0 medida em contentores mar\u00edtimosEm 2024, a PCM desenvolveu a sua primeira solu\u00e7\u00e3o inovadora para cozinhas integradas num contentor mar\u00edtimo. Concebido para responder \u00e0s necessidades dos ambientes mais exigentes, este espa\u00e7o de cerca de 28m2 inclui uma cozinha em a\u00e7o inoxid\u00e1vel completa com equipamento profissional, uma sala t\u00e9cnica [&hellip;]<\/p>\n","protected":false},"author":1,"featured_media":0,"parent":0,"menu_order":0,"comment_status":"closed","ping_status":"closed","template":"","meta":{"_et_pb_use_builder":"on","_et_pb_old_content":"","_et_gb_content_width":"","footnotes":""},"class_list":["post-594","page","type-page","status-publish","hentry"],"yoast_head":"<!-- This site is optimized with the Yoast SEO plugin v26.7 - https:\/\/yoast.com\/wordpress\/plugins\/seo\/ -->\n<title>Cria\u00e7\u00e3o de cozinhas em contentores mar\u00edtimos | PCM-PRO<\/title>\n<meta name=\"description\" content=\"Concebemos cozinhas em a\u00e7o inoxid\u00e1vel \u00e0 medida para contentores mar\u00edtimos, estaleiros navais, bases offshore e projectos tempor\u00e1rios.\" \/>\n<meta name=\"robots\" content=\"index, follow, max-snippet:-1, max-image-preview:large, max-video-preview:-1\" \/>\n<link rel=\"canonical\" href=\"https:\/\/pcm-pro.fr\/pt-pt\/criacao-de-cozinhas-em-contentores-maritimos\/\" \/>\n<meta property=\"og:locale\" content=\"pt_PT\" \/>\n<meta property=\"og:type\" content=\"article\" \/>\n<meta property=\"og:title\" content=\"Cria\u00e7\u00e3o de cozinhas em contentores mar\u00edtimos | PCM-PRO\" \/>\n<meta property=\"og:description\" content=\"Concebemos cozinhas em a\u00e7o inoxid\u00e1vel \u00e0 medida para contentores mar\u00edtimos, estaleiros navais, bases offshore e projectos tempor\u00e1rios.\" \/>\n<meta property=\"og:url\" content=\"https:\/\/pcm-pro.fr\/pt-pt\/criacao-de-cozinhas-em-contentores-maritimos\/\" \/>\n<meta property=\"og:site_name\" content=\"PCM PRO\" \/>\n<meta property=\"article:modified_time\" content=\"2025-01-15T20:33:03+00:00\" \/>\n<meta name=\"twitter:card\" content=\"summary_large_image\" \/>\n<meta name=\"twitter:label1\" content=\"Tempo estimado de leitura\" \/>\n\t<meta name=\"twitter:data1\" content=\"3 minutos\" \/>\n<script type=\"application\/ld+json\" class=\"yoast-schema-graph\">{\"@context\":\"https:\/\/schema.org\",\"@graph\":[{\"@type\":\"WebPage\",\"@id\":\"https:\/\/pcm-pro.fr\/pt-pt\/criacao-de-cozinhas-em-contentores-maritimos\/\",\"url\":\"https:\/\/pcm-pro.fr\/pt-pt\/criacao-de-cozinhas-em-contentores-maritimos\/\",\"name\":\"Cria\u00e7\u00e3o de cozinhas em contentores mar\u00edtimos | PCM-PRO\",\"isPartOf\":{\"@id\":\"https:\/\/pcm-pro.fr\/pt-pt\/#website\"},\"datePublished\":\"2024-12-05T09:40:02+00:00\",\"dateModified\":\"2025-01-15T20:33:03+00:00\",\"description\":\"Concebemos cozinhas em a\u00e7o inoxid\u00e1vel \u00e0 medida para contentores mar\u00edtimos, estaleiros navais, bases offshore e projectos tempor\u00e1rios.\",\"breadcrumb\":{\"@id\":\"https:\/\/pcm-pro.fr\/pt-pt\/criacao-de-cozinhas-em-contentores-maritimos\/#breadcrumb\"},\"inLanguage\":\"pt-PT\",\"potentialAction\":[{\"@type\":\"ReadAction\",\"target\":[\"https:\/\/pcm-pro.fr\/pt-pt\/criacao-de-cozinhas-em-contentores-maritimos\/\"]}]},{\"@type\":\"BreadcrumbList\",\"@id\":\"https:\/\/pcm-pro.fr\/pt-pt\/criacao-de-cozinhas-em-contentores-maritimos\/#breadcrumb\",\"itemListElement\":[{\"@type\":\"ListItem\",\"position\":1,\"name\":\"Accueil\",\"item\":\"https:\/\/pcm-pro.fr\/pt-pt\/\"},{\"@type\":\"ListItem\",\"position\":2,\"name\":\"Cozinhas em contentores\"}]},{\"@type\":\"WebSite\",\"@id\":\"https:\/\/pcm-pro.fr\/pt-pt\/#website\",\"url\":\"https:\/\/pcm-pro.fr\/pt-pt\/\",\"name\":\"PCM PRO\",\"description\":\"Cr\u00e9ation de cuisines sur mesure dans le domaine maritime\",\"potentialAction\":[{\"@type\":\"SearchAction\",\"target\":{\"@type\":\"EntryPoint\",\"urlTemplate\":\"https:\/\/pcm-pro.fr\/pt-pt\/?s={search_term_string}\"},\"query-input\":{\"@type\":\"PropertyValueSpecification\",\"valueRequired\":true,\"valueName\":\"search_term_string\"}}],\"inLanguage\":\"pt-PT\"}]}<\/script>\n<!-- \/ Yoast SEO plugin. -->","yoast_head_json":{"title":"Cria\u00e7\u00e3o de cozinhas em contentores mar\u00edtimos | PCM-PRO","description":"Concebemos cozinhas em a\u00e7o inoxid\u00e1vel \u00e0 medida para contentores mar\u00edtimos, estaleiros navais, bases offshore e projectos tempor\u00e1rios.","robots":{"index":"index","follow":"follow","max-snippet":"max-snippet:-1","max-image-preview":"max-image-preview:large","max-video-preview":"max-video-preview:-1"},"canonical":"https:\/\/pcm-pro.fr\/pt-pt\/criacao-de-cozinhas-em-contentores-maritimos\/","og_locale":"pt_PT","og_type":"article","og_title":"Cria\u00e7\u00e3o de cozinhas em contentores mar\u00edtimos | PCM-PRO","og_description":"Concebemos cozinhas em a\u00e7o inoxid\u00e1vel \u00e0 medida para contentores mar\u00edtimos, estaleiros navais, bases offshore e projectos tempor\u00e1rios.","og_url":"https:\/\/pcm-pro.fr\/pt-pt\/criacao-de-cozinhas-em-contentores-maritimos\/","og_site_name":"PCM PRO","article_modified_time":"2025-01-15T20:33:03+00:00","twitter_card":"summary_large_image","twitter_misc":{"Tempo estimado de leitura":"3 minutos"},"schema":{"@context":"https:\/\/schema.org","@graph":[{"@type":"WebPage","@id":"https:\/\/pcm-pro.fr\/pt-pt\/criacao-de-cozinhas-em-contentores-maritimos\/","url":"https:\/\/pcm-pro.fr\/pt-pt\/criacao-de-cozinhas-em-contentores-maritimos\/","name":"Cria\u00e7\u00e3o de cozinhas em contentores mar\u00edtimos | PCM-PRO","isPartOf":{"@id":"https:\/\/pcm-pro.fr\/pt-pt\/#website"},"datePublished":"2024-12-05T09:40:02+00:00","dateModified":"2025-01-15T20:33:03+00:00","description":"Concebemos cozinhas em a\u00e7o inoxid\u00e1vel \u00e0 medida para contentores mar\u00edtimos, estaleiros navais, bases offshore e projectos tempor\u00e1rios.","breadcrumb":{"@id":"https:\/\/pcm-pro.fr\/pt-pt\/criacao-de-cozinhas-em-contentores-maritimos\/#breadcrumb"},"inLanguage":"pt-PT","potentialAction":[{"@type":"ReadAction","target":["https:\/\/pcm-pro.fr\/pt-pt\/criacao-de-cozinhas-em-contentores-maritimos\/"]}]},{"@type":"BreadcrumbList","@id":"https:\/\/pcm-pro.fr\/pt-pt\/criacao-de-cozinhas-em-contentores-maritimos\/#breadcrumb","itemListElement":[{"@type":"ListItem","position":1,"name":"Accueil","item":"https:\/\/pcm-pro.fr\/pt-pt\/"},{"@type":"ListItem","position":2,"name":"Cozinhas em contentores"}]},{"@type":"WebSite","@id":"https:\/\/pcm-pro.fr\/pt-pt\/#website","url":"https:\/\/pcm-pro.fr\/pt-pt\/","name":"PCM PRO","description":"Cr\u00e9ation de cuisines sur mesure dans le domaine maritime","potentialAction":[{"@type":"SearchAction","target":{"@type":"EntryPoint","urlTemplate":"https:\/\/pcm-pro.fr\/pt-pt\/?s={search_term_string}"},"query-input":{"@type":"PropertyValueSpecification","valueRequired":true,"valueName":"search_term_string"}}],"inLanguage":"pt-PT"}]}},"_links":{"self":[{"href":"https:\/\/pcm-pro.fr\/pt-pt\/wp-json\/wp\/v2\/pages\/594","targetHints":{"allow":["GET"]}}],"collection":[{"href":"https:\/\/pcm-pro.fr\/pt-pt\/wp-json\/wp\/v2\/pages"}],"about":[{"href":"https:\/\/pcm-pro.fr\/pt-pt\/wp-json\/wp\/v2\/types\/page"}],"author":[{"embeddable":true,"href":"https:\/\/pcm-pro.fr\/pt-pt\/wp-json\/wp\/v2\/users\/1"}],"replies":[{"embeddable":true,"href":"https:\/\/pcm-pro.fr\/pt-pt\/wp-json\/wp\/v2\/comments?post=594"}],"version-history":[{"count":11,"href":"https:\/\/pcm-pro.fr\/pt-pt\/wp-json\/wp\/v2\/pages\/594\/revisions"}],"predecessor-version":[{"id":824,"href":"https:\/\/pcm-pro.fr\/pt-pt\/wp-json\/wp\/v2\/pages\/594\/revisions\/824"}],"wp:attachment":[{"href":"https:\/\/pcm-pro.fr\/pt-pt\/wp-json\/wp\/v2\/media?parent=594"}],"curies":[{"name":"wp","href":"https:\/\/api.w.org\/{rel}","templated":true}]}}